{"id":6,"date":"2019-09-09T11:23:16","date_gmt":"2019-09-09T11:23:16","guid":{"rendered":"https:\/\/eccam.clicetcom.fr\/?p=6"},"modified":"2022-05-13T07:46:57","modified_gmt":"2022-05-13T07:46:57","slug":"elearning","status":"publish","type":"page","link":"https:\/\/eccam.clicetcom.fr\/?page_id=6","title":{"rendered":"Formations"},"content":{"rendered":"<h1>Nos diff\u00e9rentes formations pour vous accompagner \u00e0 bien dans vos <span class=\"uk-text-primary\">objectifs<span><\/span><\/span><\/h1>\n<div>\n<p>Vous trouverez ci dessous les diff\u00e9rentes passerelles qui regroupent un large choix de <strong>formations<\/strong>.<\/p>\n<\/div>\n<p><img decoding=\"async\" src=\"\/wp-content\/uploads\/2022\/05\/formation-1-1.png\" alt=\"\"><\/p>\n<div>\n<\/div>\n<h2>Tarifs formations<\/h2>\n<div>Lorem ipsum dolor sit amet, consectetuer adipiscing elit. Aenean commodo ligula eget dolor aenean massa.<\/div>\n<div>\n<\/div>\n<p><!--more--><br \/>\n<!-- {\"name\":\"Services\",\"type\":\"layout\",\"children\":[{\"name\":\"Formations\",\"type\":\"section\",\"props\":{\"style\":\"default\",\"width\":\"large\",\"vertical_align\":\"middle\",\"title_position\":\"top-left\",\"title_rotation\":\"left\",\"title_breakpoint\":\"xl\",\"image_position\":\"center-center\",\"padding\":\"large\",\"image\":\"\",\"overlap\":false,\"image_size\":\"cover\",\"header_transparent\":\"dark\",\"animation\":\"fade\"},\"children\":[{\"name\":\"\",\"type\":\"row\",\"props\":{\"layout\":\"2-3,1-3\",\"match\":true},\"children\":[{\"name\":\"\",\"type\":\"column\",\"props\":{\"image_position\":\"center-center\",\"media_overlay_gradient\":\"\",\"position_sticky_breakpoint\":\"m\",\"width_medium\":\"2-3\"},\"children\":[{\"name\":\"\",\"type\":\"headline\",\"props\":{\"title_element\":\"h1\",\"content\":\"Nos diff\\u00e9rentes formations pour vous accompagner \\u00e0 bien dans vos <span class=\\\"uk-text-primary\\\">objectifs<span><\\\/span><\\\/span>\",\"title_style\":\"heading-small\"}},{\"name\":\"\",\"type\":\"text\",\"props\":{\"margin\":\"medium\",\"column_breakpoint\":\"m\",\"content\":\"\n\n<p>Vous trouverez ci dessous les diff\\u00e9rentes passerelles qui regroupent un large choix de <strong>formations<\\\/strong>.<\\\/p>\",\"maxwidth\":\"2xlarge\",\"text_size\":\"large\"}}]},{\"name\":\"\",\"type\":\"column\",\"props\":{\"image_position\":\"center-center\",\"media_overlay_gradient\":\"\",\"position_sticky_breakpoint\":\"m\",\"width_medium\":\"1-3\"},\"children\":[{\"name\":\"\",\"type\":\"image\",\"props\":{\"margin\":\"default\",\"image\":\"wp-content\\\/uploads\\\/2022\\\/05\\\/formation-1-1.png\",\"image_svg_inline\":true,\"image_svg_color\":\"emphasis\",\"image_width\":\"300\",\"text_align\":\"center\"}}]}]}]},{\"type\":\"section\",\"props\":{\"style\":\"primary\",\"width\":\"default\",\"vertical_align\":\"middle\",\"title_position\":\"top-left\",\"title_rotation\":\"left\",\"title_breakpoint\":\"xl\",\"image_position\":\"center-center\",\"padding_remove_top\":false,\"padding_remove_bottom\":false,\"padding\":\"xsmall\",\"animation\":\"slide-top-small\",\"css\":\".el-section {\\n   background: radial-gradient(#c80f04 25%, #880D18);\\n}\"},\"children\":[{\"type\":\"row\",\"props\":{\"width\":\"small\"},\"children\":[{\"type\":\"column\",\"props\":{\"position_sticky_breakpoint\":\"m\",\"image_position\":\"center-center\",\"media_overlay_gradient\":\"\"},\"children\":[{\"type\":\"gallery\",\"props\":{\"show_title\":true,\"show_meta\":true,\"show_content\":true,\"show_link\":true,\"show_hover_image\":true,\"grid_default\":\"1\",\"grid_medium\":\"2\",\"filter_style\":\"tab\",\"filter_all\":true,\"filter_position\":\"top\",\"filter_align\":\"left\",\"filter_grid_width\":\"auto\",\"filter_grid_breakpoint\":\"m\",\"overlay_mode\":\"caption\",\"overlay_hover\":false,\"overlay_style\":\"\",\"text_color\":\"dark\",\"overlay_position\":\"center\",\"overlay_transition\":\"fade\",\"title_hover_style\":\"reset\",\"title_element\":\"h3\",\"meta_style\":\"meta\",\"meta_align\":\"below-title\",\"meta_element\":\"div\",\"link_text\":\"\",\"link_style\":\"primary\",\"text_align\":\"center\",\"margin\":\"\",\"item_animation\":true,\"overlay_transition_background\":true,\"title_style\":\"h1\",\"link_fullwidth\":false,\"overlay_link\":false,\"image_transition\":\"scale-up\",\"title_link\":true,\"image_orientation\":false,\"image_width\":\"600\",\"image_height\":\"400\",\"css\":\".el-title {\\n    color: white;\\n    text-shadow: 1px 1px 2px black;\\n}\\n\\n.el-item {\\n    border-style: solid;\\n}\",\"margin_remove_top\":false,\"margin_remove_bottom\":false,\"grid_row_align\":false,\"grid_column_align\":false,\"grid_divider\":false},\"children\":[{\"type\":\"gallery_item\",\"props\":{\"link_text\":\"\"},\"source\":{\"query\":{\"name\":\"passerelleFormations.customPasserelleFormations\",\"arguments\":{\"id\":0,\"offset\":0,\"limit\":10,\"order\":\"term_order\",\"order_direction\":\"ASC\"}},\"props\":{\"image\":{\"filters\":{\"search\":\"\"},\"name\":\"field.photo.url\"},\"title\":{\"filters\":{\"search\":\"\"},\"name\":\"name\"},\"image_alt\":{\"filters\":{\"search\":\"\"},\"name\":\"name\"},\"link\":{\"filters\":{\"search\":\"\"},\"name\":\"link\"}}}}]}]}]}]},{\"name\":\"Tarification\",\"type\":\"section\",\"props\":{\"style\":\"default\",\"width\":\"small\",\"vertical_align\":\"middle\",\"title_position\":\"top-left\",\"title_rotation\":\"left\",\"title_breakpoint\":\"xl\",\"image_position\":\"center-center\",\"padding\":\"large\",\"id\":\"pricing\",\"animation\":\"fade\"},\"children\":[{\"name\":\"\",\"type\":\"row\",\"children\":[{\"name\":\"\",\"type\":\"column\",\"props\":{\"image_position\":\"center-center\",\"width_medium\":\"1-1\",\"media_overlay_gradient\":\"\",\"position_sticky_breakpoint\":\"m\"},\"children\":[{\"name\":\"\",\"type\":\"headline\",\"props\":{\"title_element\":\"h2\",\"content\":\"Tarifs formations\",\"title_style\":\"h1\",\"text_align\":\"center\"}},{\"name\":\"\",\"type\":\"text\",\"props\":{\"margin\":\"default\",\"column_breakpoint\":\"m\",\"content\":\"Lorem ipsum dolor sit amet, consectetuer adipiscing elit. Aenean commodo ligula eget dolor aenean massa.\",\"text_align\":\"center\",\"maxwidth\":\"xlarge\",\"text_size\":\"large\",\"block_align\":\"center\"}}]}]},{\"type\":\"row\",\"children\":[{\"type\":\"column\",\"props\":{\"position_sticky_breakpoint\":\"m\",\"image_position\":\"center-center\",\"media_overlay_gradient\":\"\"},\"children\":[{\"type\":\"panel-slider\",\"props\":{\"show_title\":true,\"show_meta\":true,\"show_content\":true,\"show_image\":true,\"show_link\":true,\"slider_width\":\"fixed\",\"slider_width_default\":\"1-1\",\"slider_width_medium\":\"1-3\",\"slider_gap\":\"default\",\"slider_autoplay_pause\":true,\"nav\":\"\",\"nav_align\":\"center\",\"nav_breakpoint\":\"s\",\"slidenav\":\"\",\"slidenav_margin\":\"medium\",\"slidenav_breakpoint\":\"xl\",\"slidenav_outside_breakpoint\":\"xl\",\"panel_card_match\":true,\"title_hover_style\":\"reset\",\"title_element\":\"h3\",\"title_align\":\"top\",\"title_grid_width\":\"1-2\",\"title_grid_breakpoint\":\"m\",\"meta_style\":\"h1\",\"meta_align\":\"below-content\",\"meta_element\":\"div\",\"content_column_breakpoint\":\"m\",\"icon_width\":\"40\",\"image_align\":\"top\",\"image_grid_width\":\"1-2\",\"image_grid_breakpoint\":\"m\",\"image_svg_color\":\"emphasis\",\"link_text\":\"Read more\",\"link_style\":\"primary\",\"margin\":\"default\",\"text_align\":\"center\",\"slider_sets\":false,\"slider_autoplay\":true,\"slider_autoplay_interval\":\"3\",\"slider_center\":true,\"image_width\":\"100\",\"panel_padding\":\"small\",\"container_padding_remove\":false,\"slider_divider\":false,\"css\":\".el-title {\\n \\tcolor: ;   \\n    text-shadow: 0 0 2px black;\\n}\\n\\n.el-content {\\n \\tcolor: black; \\n    font-style: italic;\\n}\\n\\n.el-item {\\n\\tborder-radius: 50% 20% \\\/ 10% 40%;\\n    background: linear-gradient(#c80f04 ,#880D18 75% ,#c80f04 )\\n}\"},\"children\":[{\"type\":\"panel-slider_item\",\"props\":{\"panel_style\":\"card-primary\",\"link_text\":\"En savoir d'avantages\"},\"source\":{\"query\":{\"name\":\"formationss.customFormationss\",\"arguments\":{\"terms\":[],\"passerelle_formation_operator\":\"IN\",\"users\":[],\"users_operator\":\"IN\",\"offset\":0,\"limit\":20,\"order\":\"date\",\"order_direction\":\"DESC\"}},\"props\":{\"title\":{\"filters\":{\"search\":\"\"},\"name\":\"title\"},\"link\":{\"filters\":{\"search\":\"\"},\"name\":\"link\"},\"meta\":{\"filters\":{\"search\":\"\",\"after\":\" \\u20ac\"},\"name\":\"field.prix\"},\"content\":{\"filters\":{\"search\":\"\",\"limit\":100},\"arguments\":{\"show_intro_text\":true},\"name\":\"content\"}}}}]}]}]}]}],\"version\":\"2.7.21\"} --><\/p>\n","protected":false},"excerpt":{"rendered":"<p>Nos diff\u00e9rentes formations pour vous accompagner \u00e0 bien dans vos objectifs Vous trouverez ci dessous les diff\u00e9rentes passerelles qui regroupent un large choix de formations. Tarifs formations Lorem ipsum dolor sit amet, consectetuer adipiscing elit. Aenean commodo ligula eget dolor aenean massa.<\/p>\n","protected":false},"author":1,"featured_media":0,"parent":0,"menu_order":6,"comment_status":"open","ping_status":"open","template":"","meta":{"footnotes":""},"class_list":["post-6","page","type-page","status-publish","hentry"],"acf":[],"_links":{"self":[{"href":"https:\/\/eccam.clicetcom.fr\/index.php?rest_route=\/wp\/v2\/pages\/6","targetHints":{"allow":["GET"]}}],"collection":[{"href":"https:\/\/eccam.clicetcom.fr\/index.php?rest_route=\/wp\/v2\/pages"}],"about":[{"href":"https:\/\/eccam.clicetcom.fr\/index.php?rest_route=\/wp\/v2\/types\/page"}],"author":[{"embeddable":true,"href":"https:\/\/eccam.clicetcom.fr\/index.php?rest_route=\/wp\/v2\/users\/1"}],"replies":[{"embeddable":true,"href":"https:\/\/eccam.clicetcom.fr\/index.php?rest_route=%2Fwp%2Fv2%2Fcomments&post=6"}],"version-history":[{"count":160,"href":"https:\/\/eccam.clicetcom.fr\/index.php?rest_route=\/wp\/v2\/pages\/6\/revisions"}],"predecessor-version":[{"id":1971,"href":"https:\/\/eccam.clicetcom.fr\/index.php?rest_route=\/wp\/v2\/pages\/6\/revisions\/1971"}],"wp:attachment":[{"href":"https:\/\/eccam.clicetcom.fr\/index.php?rest_route=%2Fwp%2Fv2%2Fmedia&parent=6"}],"curies":[{"name":"wp","href":"https:\/\/api.w.org\/{rel}","templated":true}]}}