{"id":5,"date":"2019-09-09T11:23:16","date_gmt":"2019-09-09T11:23:16","guid":{"rendered":"https:\/\/eccam.clicetcom.fr\/?p=5"},"modified":"2022-05-13T08:46:23","modified_gmt":"2022-05-13T08:46:23","slug":"design-sprints","status":"publish","type":"page","link":"https:\/\/eccam.clicetcom.fr\/?page_id=5","title":{"rendered":"Liens utiles"},"content":{"rendered":"<h1>Liens utiles<\/h1>\n<div>\n<p>Pour plus d&rsquo;informations vous pouvez vous rendre sur le site de la <a href=\"https:\/\/www.securite-routiere.gouv.fr\/\">s\u00e9curit\u00e9 routi\u00e8re<\/a> o\u00f9 aurez les d\u00e9tails de toutes les formations disponibles chez nous.<\/p>\n<\/div>\n<ul>\n<li>\n<h3>Code de la route<\/h3>\n<div>\n<p>Pour en savoir plus sur le passage et la pr\u00e9paration de l&rsquo;examen du code de la route.<\/p>\n<\/div>\n<p><a href=\"https:\/\/www.securite-routiere.gouv.fr\/passer-son-permis-de-conduire\/preparation-de-lexamen-du-code-de-la-route\">En savoir d&rsquo;avantage<\/a><\/p>\n<\/li>\n<li>\n<h3>L\u2019apprentissage anticip\u00e9 de la conduite<\/h3>\n<div>\n<p>L&rsquo;apprentissage anticip\u00e9 de la conduite dispose de beaucoup d&rsquo;informations. Cliquez sur le lien pour avoir tout les d\u00e9tails de cette formation.<\/p>\n<\/div>\n<p><a href=\"https:\/\/www.securite-routiere.gouv.fr\/passer-son-permis-de-conduire\/conduite-accompagnee\/apprentissage-anticipe-de-la-conduite\">En savoir d&rsquo;avantage<\/a><\/p>\n<\/li>\n<li>\n<h3>La conduite supervis\u00e9e<\/h3>\n<div>\n<p>Tout comme l&rsquo;ACC, la conduite supervis\u00e9e respect certaines r\u00e8gles. Pour avoir tout les d\u00e9tails de cette formation cliquez sur le lien.<\/p>\n<\/div>\n<p><a href=\"https:\/\/www.securite-routiere.gouv.fr\/passer-son-permis-de-conduire\/conduite-accompagnee\/conduite-supervisee\">En savoir d&rsquo;avantage<\/a><\/p>\n<\/li>\n<li>\n<h3>Le permis B<\/h3>\n<div>\n<p>Le permis B permet de conduire n&rsquo;importe quel v\u00e9hicule de moins de 3,5 tonnes et de 8 passagers au maximum. Cliquez sur le lien pour avoir tout les d\u00e9tails de ce permis.<\/p>\n<\/div>\n<p><a href=\"https:\/\/www.securite-routiere.gouv.fr\/les-differents-permis-de-conduire\/permis-auto-categorie-b\/passer-son-permis-b\">En savoir d&rsquo;avantage<\/a><\/p>\n<\/li>\n<li>\n<h3>Le permis A1 &#038; A2<\/h3>\n<div>\n<p>Contrairement au permis A, le permis A1 &amp; A2 permet de conduire que certains v\u00e9hicules \u00e0 2 roues. Vous pouvez avoir tout les d\u00e9tails de cette formation en cliquant sur le lien ci dessous.<\/p>\n<\/div>\n<p><a href=\"https:\/\/www.securite-routiere.gouv.fr\/les-differents-permis-de-conduire\/permis-moto-categorie\/passer-le-permis-a1-ou-a2\">En savoir d&rsquo;avantage<\/a><\/p>\n<\/li>\n<li>\n<h3>Le permis A<\/h3>\n<div>\n<p>Le permis A permet lui de conduire tout types de motos. Cliquez sur le lien pour savoir comment obtenir cette formation et avoir tout les d\u00e9tails de celle ci.<\/p>\n<\/div>\n<p><a href=\"https:\/\/www.securite-routiere.gouv.fr\/les-differents-permis-de-conduire\/permis-moto-categorie\/la-categorie-du-permis-moto\">En savoir d&rsquo;avantage<\/a><\/p>\n<\/li>\n<li>\n<h3>Formation 7 heures<\/h3>\n<div>\n<p>La formation 7 heures permet soit au titulaire du permis B d&rsquo;obtenir le permis A1, soit au titulaire du permis A2 d&rsquo;obtenir le permis A.<\/p>\n<\/div>\n<p><a href=\"https:\/\/www.securite-routiere.gouv.fr\/les-differents-permis-de-conduire\/permis-moto-categorie\/la-formation-de-7-heures\">En savoir d&rsquo;avantage<\/a><\/p>\n<\/li>\n<li>\n<h3>Le permis BE<\/h3>\n<div>\n<p>Le permis BE vous permet de conduire une voiture avec remorque de plus de 750kg avec un poids total autoris\u00e9 en charge de 3500kg.\u00a0<\/p>\n<\/div>\n<p><a href=\"https:\/\/www.service-public.fr\/particuliers\/vosdroits\/F2845\">En savoir d&rsquo;avantage<\/a><\/p>\n<\/li>\n<\/ul>\n<p><!--more--><br \/>\n<!-- {\"type\":\"layout\",\"children\":[{\"type\":\"section\",\"props\":{\"style\":\"default\",\"width\":\"default\",\"vertical_align\":\"middle\",\"title_position\":\"top-left\",\"title_rotation\":\"left\",\"title_breakpoint\":\"xl\",\"image_position\":\"center-center\"},\"children\":[{\"type\":\"row\",\"children\":[{\"type\":\"column\",\"props\":{\"position_sticky_breakpoint\":\"m\",\"image_position\":\"center-center\",\"media_overlay_gradient\":\"\"},\"children\":[{\"type\":\"headline\",\"props\":{\"title_element\":\"h1\",\"content\":\"Liens utiles\",\"text_align\":\"center\"}},{\"type\":\"text\",\"props\":{\"margin\":\"default\",\"column_breakpoint\":\"m\",\"content\":\"\n\n<p>Pour plus d'informations vous pouvez vous rendre sur le site de la <a href=\\\"https:\\\/\\\/www.securite-routiere.gouv.fr\\\/\\\">s\\u00e9curit\\u00e9 routi\\u00e8re<\\\/a> o\\u00f9 aurez les d\\u00e9tails de toutes les formations disponibles chez nous.<\\\/p>\",\"maxwidth\":\"2xlarge\",\"block_align\":\"center\",\"text_align\":\"center\"}},{\"type\":\"grid\",\"props\":{\"show_title\":true,\"show_meta\":true,\"show_content\":true,\"show_image\":true,\"show_link\":true,\"grid_default\":\"1\",\"grid_medium\":\"3\",\"filter_style\":\"tab\",\"filter_all\":true,\"filter_position\":\"left\",\"filter_align\":\"center\",\"filter_grid_width\":\"auto\",\"filter_grid_breakpoint\":\"m\",\"title_hover_style\":\"reset\",\"title_element\":\"h3\",\"title_align\":\"top\",\"title_grid_width\":\"1-2\",\"title_grid_breakpoint\":\"m\",\"meta_style\":\"meta\",\"meta_align\":\"below-title\",\"meta_element\":\"div\",\"content_column_breakpoint\":\"m\",\"icon_width\":80,\"image_align\":\"top\",\"image_grid_width\":\"1-2\",\"image_grid_breakpoint\":\"m\",\"image_svg_color\":\"emphasis\",\"link_text\":\"Read more\",\"link_style\":\"primary\",\"margin\":\"default\",\"item_animation\":true,\"css\":\".el-link {\\n\\tdisplay: flex;\\n  \\tjustify-content: center;\\n}\\n\\n.el-title {\\n    text-align: center;\\n}\\n\\n.el-item {\\n    box-shadow: 3px 3px 6px #2A2222;\\n    transition: transform .1s;\\n}\\n\\n.el-item:hover {\\n    transform: scale(1.01);\\n    box-shadow: 6px 6px 12px #2A2222;\\n}\",\"grid_row_align\":true,\"grid_column_align\":false,\"filter\":true,\"filter_all_label\":\"Tout\",\"filter_reverse\":false,\"link_target\":true,\"panel_style\":\"card-default\",\"panel_padding\":\"small\",\"title_decoration\":\"divider\"},\"children\":[{\"type\":\"grid_item\",\"props\":{\"title\":\"Code de la route\",\"content\":\"\n\n<p>Pour en savoir plus sur le passage et la pr\\u00e9paration de l'examen du code de la route.<\\\/p>\",\"link\":\"https:\\\/\\\/www.securite-routiere.gouv.fr\\\/passer-son-permis-de-conduire\\\/preparation-de-lexamen-du-code-de-la-route\",\"link_text\":\"En savoir d'avantage\",\"tags\":\"Code\"}},{\"type\":\"grid_item\",\"props\":{\"title\":\"L\\u2019apprentissage anticip\\u00e9 de la conduite\",\"content\":\"\n\n<p>L'apprentissage anticip\\u00e9 de la conduite dispose de beaucoup d'informations. Cliquez sur le lien pour avoir tout les d\\u00e9tails de cette formation.<\\\/p>\",\"link\":\"https:\\\/\\\/www.securite-routiere.gouv.fr\\\/passer-son-permis-de-conduire\\\/conduite-accompagnee\\\/apprentissage-anticipe-de-la-conduite\",\"link_text\":\"En savoir d'avantage\",\"tags\":\"Voiture\"}},{\"type\":\"grid_item\",\"props\":{\"title\":\"La conduite supervis\\u00e9e\",\"content\":\"\n\n<p>Tout comme l'ACC, la conduite supervis\\u00e9e respect certaines r\\u00e8gles. Pour avoir tout les d\\u00e9tails de cette formation cliquez sur le lien.<\\\/p>\",\"link\":\"https:\\\/\\\/www.securite-routiere.gouv.fr\\\/passer-son-permis-de-conduire\\\/conduite-accompagnee\\\/conduite-supervisee\",\"link_text\":\"En savoir d'avantage\",\"tags\":\"Voiture\"}},{\"type\":\"grid_item\",\"props\":{\"title\":\"Le permis B\",\"content\":\"\n\n<p>Le permis B permet de conduire n'importe quel v\\u00e9hicule de moins de 3,5 tonnes et de 8 passagers au maximum. Cliquez sur le lien pour avoir tout les d\\u00e9tails de ce permis.<\\\/p>\",\"link\":\"https:\\\/\\\/www.securite-routiere.gouv.fr\\\/les-differents-permis-de-conduire\\\/permis-auto-categorie-b\\\/passer-son-permis-b\",\"link_text\":\"En savoir d'avantage\",\"tags\":\"Voiture\"}},{\"type\":\"grid_item\",\"props\":{\"title\":\"Le permis A1 & A2\",\"content\":\"\n\n<p>Contrairement au permis A, le permis A1 &amp; A2 permet de conduire que certains v\\u00e9hicules \\u00e0 2 roues. Vous pouvez avoir tout les d\\u00e9tails de cette formation en cliquant sur le lien ci dessous.<\\\/p>\",\"link\":\"https:\\\/\\\/www.securite-routiere.gouv.fr\\\/les-differents-permis-de-conduire\\\/permis-moto-categorie\\\/passer-le-permis-a1-ou-a2\",\"link_text\":\"En savoir d'avantage\",\"tags\":\"Moto\"}},{\"type\":\"grid_item\",\"props\":{\"title\":\"Le permis A\",\"content\":\"\n\n<p>Le permis A permet lui de conduire tout types de motos. Cliquez sur le lien pour savoir comment obtenir cette formation et avoir tout les d\\u00e9tails de celle ci.<\\\/p>\",\"link\":\"https:\\\/\\\/www.securite-routiere.gouv.fr\\\/les-differents-permis-de-conduire\\\/permis-moto-categorie\\\/la-categorie-du-permis-moto\",\"link_text\":\"En savoir d'avantage\",\"tags\":\"Moto\"}},{\"type\":\"grid_item\",\"props\":{\"title\":\"Formation 7 heures\",\"content\":\"\n\n<p>La formation 7 heures permet soit au titulaire du permis B d'obtenir le permis A1, soit au titulaire du permis A2 d'obtenir le permis A.<\\\/p>\",\"link\":\"https:\\\/\\\/www.securite-routiere.gouv.fr\\\/les-differents-permis-de-conduire\\\/permis-moto-categorie\\\/la-formation-de-7-heures\",\"link_text\":\"En savoir d'avantage\",\"tags\":\"Moto\"}},{\"type\":\"grid_item\",\"props\":{\"title\":\"Le permis BE\",\"content\":\"\n\n<p>Le permis BE vous permet de conduire une voiture avec remorque de plus de 750kg avec un poids total autoris\\u00e9 en charge de 3500kg.\\u00a0<\\\/p>\",\"link\":\"https:\\\/\\\/www.service-public.fr\\\/particuliers\\\/vosdroits\\\/F2845\",\"link_text\":\"En savoir d'avantage\",\"tags\":\"Remorque\"}}]}]}]}]}],\"version\":\"2.7.21\"} --><\/p>\n","protected":false},"excerpt":{"rendered":"<p>Liens utiles Pour plus d&rsquo;informations vous pouvez vous rendre sur le site de la s\u00e9curit\u00e9 routi\u00e8re o\u00f9 aurez les d\u00e9tails de toutes les formations disponibles chez nous. Code de la route Pour en savoir plus sur le passage et la pr\u00e9paration de l&rsquo;examen du code de la route. En savoir d&rsquo;avantage L\u2019apprentissage anticip\u00e9 de la [&hellip;]<\/p>\n","protected":false},"author":1,"featured_media":0,"parent":0,"menu_order":5,"comment_status":"open","ping_status":"open","template":"","meta":{"footnotes":""},"class_list":["post-5","page","type-page","status-publish","hentry"],"acf":[],"_links":{"self":[{"href":"https:\/\/eccam.clicetcom.fr\/index.php?rest_route=\/wp\/v2\/pages\/5","targetHints":{"allow":["GET"]}}],"collection":[{"href":"https:\/\/eccam.clicetcom.fr\/index.php?rest_route=\/wp\/v2\/pages"}],"about":[{"href":"https:\/\/eccam.clicetcom.fr\/index.php?rest_route=\/wp\/v2\/types\/page"}],"author":[{"embeddable":true,"href":"https:\/\/eccam.clicetcom.fr\/index.php?rest_route=\/wp\/v2\/users\/1"}],"replies":[{"embeddable":true,"href":"https:\/\/eccam.clicetcom.fr\/index.php?rest_route=%2Fwp%2Fv2%2Fcomments&post=5"}],"version-history":[{"count":49,"href":"https:\/\/eccam.clicetcom.fr\/index.php?rest_route=\/wp\/v2\/pages\/5\/revisions"}],"predecessor-version":[{"id":2016,"href":"https:\/\/eccam.clicetcom.fr\/index.php?rest_route=\/wp\/v2\/pages\/5\/revisions\/2016"}],"wp:attachment":[{"href":"https:\/\/eccam.clicetcom.fr\/index.php?rest_route=%2Fwp%2Fv2%2Fmedia&parent=5"}],"curies":[{"name":"wp","href":"https:\/\/api.w.org\/{rel}","templated":true}]}}