{"id":4,"date":"2019-09-09T11:23:16","date_gmt":"2019-09-09T11:23:16","guid":{"rendered":"https:\/\/eccam.clicetcom.fr\/?p=4"},"modified":"2022-05-12T12:39:31","modified_gmt":"2022-05-12T12:39:31","slug":"about","status":"publish","type":"page","link":"https:\/\/eccam.clicetcom.fr\/?page_id=4","title":{"rendered":"Pr\u00e9sentation"},"content":{"rendered":"<h2>Pr\u00e9sentation de l&rsquo;\u00e9quipe<\/h2>\n<div>Lorem ipsum dolor sit amet, consectetur adipiscing elit, sed do eiusmod temporuis nostrud exercitation ullamco laboris nisi ut aliquip ex ea commodo consequat.<\/div>\n<ul>\n<li>\n<p>        <img decoding=\"async\" src=\"\/wp-content\/uploads\/yootheme\/about-team-01.jpg\" alt=\"\"><\/p>\n<h3>Joanne Reynolds<\/h3>\n<p>Coaching &#038; Team Training<\/p>\n<\/li>\n<li>\n<p>        <img decoding=\"async\" src=\"\/wp-content\/uploads\/yootheme\/about-team-02.jpg\" alt=\"\"><\/p>\n<h3>Cliff Bowman<\/h3>\n<p>Assessment &#038; NEWT Certification<\/p>\n<\/li>\n<li>\n<p>        <img decoding=\"async\" src=\"\/wp-content\/uploads\/yootheme\/about-team-03.jpg\" alt=\"\"><\/p>\n<h3>Gorden Tepper<\/h3>\n<p>Design Sprints<\/p>\n<\/li>\n<li>\n<p>        <img decoding=\"async\" src=\"\/wp-content\/uploads\/yootheme\/about-team-01.jpg\" alt=\"\"><\/p>\n<h3>Joanne Reynolds<\/h3>\n<p>Coaching &#038; Team Training<\/p>\n<\/li>\n<\/ul>\n<h1>Questions les plus <span class=\"uk-text-primary\">fr\u00e9quentes<\/span><\/h1>\n<ul>\n<li>\n<h3>What kind of eLearning programs are available?<\/h3>\n<div>\n<p>Lorem ipsum dolor sit amet, consectetur adipisicing elit, sed do eiusmod tempor incididunt ut labore et dolore magna aliqua. Ut enim ad minim veniam, quis nostrud exercitation ullamco laboris nisi ut aliquip ex ea commodo consequat. Duis aute irure dolor in reprehenderit in voluptate velit esse cillum dolore eu fugiat nulla pariatur.<\/p>\n<p>Excepteur sint occaecat cupidatat non proident, sunt in culpa qui officia deserunt mollit anim id est laborum.<\/p>\n<\/div>\n<\/li>\n<li>\n<h3>How do I find out which pricing model is best suited for my or my company\u2019s purposes?<\/h3>\n<div>\n<p>Lorem ipsum dolor sit amet, consectetur adipisicing elit, sed do eiusmod tempor incididunt ut labore et dolore magna aliqua. Ut enim ad minim veniam, quis nostrud exercitation ullamco laboris nisi ut aliquip ex ea commodo consequat.<\/p>\n<p>Duis aute irure dolor in reprehenderit in voluptate velit esse cillum dolore eu fugiat nulla pariatur. Excepteur sint occaecat cupidatat non proident, sunt in culpa qui officia deserunt mollit anim id est laborum.<\/p>\n<\/div>\n<\/li>\n<li>\n<h3>How can I benefit from your eLearning courses?<\/h3>\n<div>Lorem ipsum dolor sit amet, consectetur adipisicing elit, sed do eiusmod tempor incididunt ut labore et dolore magna aliqua. Ut enim ad minim veniam, quis nostrud exercitation ullamco laboris nisi ut aliquip ex ea commodo consequat. Duis aute irure dolor in reprehenderit in voluptate velit esse cillum dolore eu fugiat nulla pariatur.<\/div>\n<\/li>\n<li>\n<h3>Are these online courses elegible for any certifications?<\/h3>\n<div>\n<p>Lorem ipsum dolor sit amet, consectetur adipisicing elit, sed do eiusmod tempor incididunt ut labore et dolore magna aliqua. Ut enim ad minim veniam, quis nostrud exercitation ullamco laboris nisi ut aliquip ex ea commodo consequat.<\/p>\n<p>Duis aute irure dolor in reprehenderit in voluptate velit esse cillum dolore eu fugiat nulla pariatur. Excepteur sint occaecat cupidatat non proident, sunt in culpa qui officia deserunt mollit anim id est laborum.<\/p>\n<\/div>\n<\/li>\n<li>\n<h3>What are the system requirements to complete an eLearning course? <\/h3>\n<div>\n<p>Lorem ipsum dolor sit amet, consectetur adipisicing elit, sed do eiusmod tempor incididunt ut labore et dolore magna aliqua. Ut enim ad minim veniam, quis nostrud exercitation ullamco laboris nisi ut aliquip ex ea commodo consequat. <\/p>\n<p>Duis aute irure dolor in reprehenderit in voluptate velit esse cillum dolore eu fugiat nulla pariatur. Excepteur sint occaecat cupidatat non proident, sunt in culpa qui officia deserunt mollit anim id est laborum.<\/p>\n<\/div>\n<\/li>\n<\/ul>\n<p><!--more--><br \/>\n<!-- {\"name\":\"About\",\"type\":\"layout\",\"children\":[{\"name\":\"Equipe\",\"type\":\"section\",\"props\":{\"width\":\"large\",\"padding\":\"small\",\"style\":\"default\",\"padding_remove_top\":false,\"image_position\":\"top-left\",\"vertical_align\":\"middle\",\"title_position\":\"top-left\",\"title_rotation\":\"left\",\"title_breakpoint\":\"xl\",\"image\":\"\",\"image_width\":\"1800\",\"animation\":\"fade\",\"animation_delay\":\"200\",\"class\":\"\",\"id\":\"team\"},\"children\":[{\"name\":\"\",\"type\":\"row\",\"children\":[{\"name\":\"\",\"type\":\"column\",\"props\":{\"image_position\":\"center-center\",\"media_overlay_gradient\":\"\",\"width_medium\":\"1-1\",\"position_sticky_breakpoint\":\"m\"},\"children\":[{\"name\":\"\",\"type\":\"headline\",\"props\":{\"title_element\":\"h2\",\"content\":\"Pr\\u00e9sentation de l'\\u00e9quipe\",\"title_style\":\"heading-small\",\"text_align\":\"center\"}},{\"name\":\"\",\"type\":\"text\",\"props\":{\"margin\":\"medium\",\"column_breakpoint\":\"m\",\"content\":\"Lorem ipsum dolor sit amet, consectetur adipiscing elit, sed do eiusmod temporuis nostrud exercitation ullamco laboris nisi ut aliquip ex ea commodo consequat.\",\"maxwidth\":\"xlarge\",\"text_align\":\"center\",\"block_align\":\"center\"}}]}]},{\"name\":\"\",\"type\":\"row\",\"props\":{\"margin\":\"large\"},\"children\":[{\"name\":\"\",\"type\":\"column\",\"props\":{\"image_position\":\"center-center\",\"media_overlay_gradient\":\"\",\"width_medium\":\"1-1\",\"position_sticky_breakpoint\":\"m\"},\"children\":[{\"name\":\"\",\"type\":\"gallery\",\"props\":{\"show_title\":true,\"show_meta\":true,\"show_content\":true,\"show_link\":true,\"show_hover_image\":true,\"grid_default\":\"1\",\"grid_medium\":\"3\",\"filter_style\":\"tab\",\"filter_all\":true,\"filter_position\":\"top\",\"filter_align\":\"left\",\"filter_grid_width\":\"auto\",\"overlay_mode\":\"cover\",\"overlay_position\":\"bottom-left\",\"overlay_transition\":\"fade\",\"title_element\":\"h3\",\"meta_style\":\"h6\",\"meta_align\":\"above-title\",\"text_align\":\"left\",\"margin\":\"default\",\"grid_masonry\":true,\"overlay_style\":\"overlay-primary\",\"overlay_hover\":true,\"text_color\":\"dark\",\"grid_small\":\"2\",\"image_width\":\"610\",\"grid_large\":\"4\",\"grid_parallax\":\"\",\"title_style\":\"h4\",\"title_margin\":\"remove\",\"link_text\":\"\",\"link_style\":\"default\",\"item_animation\":true,\"filter_grid_breakpoint\":\"m\",\"overlay_link\":true,\"title_hover_style\":\"reset\",\"meta_element\":\"div\"},\"children\":[{\"name\":\"\",\"type\":\"gallery_item\",\"props\":{\"image\":\"wp-content\\\/uploads\\\/yootheme\\\/about-team-01.jpg\",\"title\":\"Joanne Reynolds\",\"meta\":\"Coaching & Team Training\",\"hover_image\":null}},{\"name\":\"\",\"type\":\"gallery_item\",\"props\":{\"image\":\"wp-content\\\/uploads\\\/yootheme\\\/about-team-02.jpg\",\"title\":\"Cliff Bowman\",\"meta\":\"Assessment & NEWT Certification\",\"hover_image\":null}},{\"name\":\"\",\"type\":\"gallery_item\",\"props\":{\"image\":\"wp-content\\\/uploads\\\/yootheme\\\/about-team-03.jpg\",\"title\":\"Gorden Tepper\",\"meta\":\"Design Sprints\",\"hover_image\":null}},{\"name\":\"\",\"type\":\"gallery_item\",\"props\":{\"image\":\"wp-content\\\/uploads\\\/yootheme\\\/about-team-01.jpg\",\"title\":\"Joanne Reynolds\",\"meta\":\"Coaching & Team Training\",\"hover_image\":null}}]}]}]}]},{\"type\":\"section\",\"props\":{\"style\":\"default\",\"width\":\"default\",\"vertical_align\":\"middle\",\"title_position\":\"top-left\",\"title_rotation\":\"left\",\"title_breakpoint\":\"xl\",\"image_position\":\"center-center\"},\"children\":[{\"type\":\"row\",\"children\":[{\"type\":\"column\",\"props\":{\"position_sticky_breakpoint\":\"m\",\"image_position\":\"center-center\",\"media_overlay_gradient\":\"\"},\"children\":[{\"type\":\"headline\",\"props\":{\"title_element\":\"h1\",\"content\":\"Questions les plus <span class=\\\"uk-text-primary\\\">fr\\u00e9quentes<\\\/span>\",\"text_align\":\"center\"}},{\"name\":\"faq\",\"type\":\"accordion\",\"props\":{\"show_image\":true,\"show_link\":true,\"collapsible\":false,\"image_align\":\"top\",\"image_grid_width\":\"1-2\",\"link_text\":\"Read more\",\"link_style\":\"default\",\"margin\":\"large\",\"image_grid_breakpoint\":\"m\",\"content_column_breakpoint\":\"m\",\"image_svg_color\":\"emphasis\"},\"children\":[{\"name\":\"\",\"type\":\"accordion_item\",\"props\":{\"title\":\"What kind of eLearning programs are available?\",\"content\":\"\n\n<p>Lorem ipsum dolor sit amet, consectetur adipisicing elit, sed do eiusmod tempor incididunt ut labore et dolore magna aliqua. Ut enim ad minim veniam, quis nostrud exercitation ullamco laboris nisi ut aliquip ex ea commodo consequat. Duis aute irure dolor in reprehenderit in voluptate velit esse cillum dolore eu fugiat nulla pariatur.<\\\/p>\\n\n\n<p>Excepteur sint occaecat cupidatat non proident, sunt in culpa qui officia deserunt mollit anim id est laborum.<\\\/p>\"}},{\"name\":\"\",\"type\":\"accordion_item\",\"props\":{\"title\":\"How do I find out which pricing model is best suited for my or my company\\u2019s purposes?\",\"content\":\"\n\n<p>Lorem ipsum dolor sit amet, consectetur adipisicing elit, sed do eiusmod tempor incididunt ut labore et dolore magna aliqua. Ut enim ad minim veniam, quis nostrud exercitation ullamco laboris nisi ut aliquip ex ea commodo consequat.<\\\/p>\\n\\n\n\n<p>Duis aute irure dolor in reprehenderit in voluptate velit esse cillum dolore eu fugiat nulla pariatur. Excepteur sint occaecat cupidatat non proident, sunt in culpa qui officia deserunt mollit anim id est laborum.<\\\/p>\"}},{\"name\":\"\",\"type\":\"accordion_item\",\"props\":{\"title\":\"How can I benefit from your eLearning courses?\",\"content\":\"Lorem ipsum dolor sit amet, consectetur adipisicing elit, sed do eiusmod tempor incididunt ut labore et dolore magna aliqua. Ut enim ad minim veniam, quis nostrud exercitation ullamco laboris nisi ut aliquip ex ea commodo consequat. Duis aute irure dolor in reprehenderit in voluptate velit esse cillum dolore eu fugiat nulla pariatur.\"}},{\"name\":\"\",\"type\":\"accordion_item\",\"props\":{\"title\":\"Are these online courses elegible for any certifications?\",\"content\":\"\n\n<p>Lorem ipsum dolor sit amet, consectetur adipisicing elit, sed do eiusmod tempor incididunt ut labore et dolore magna aliqua. Ut enim ad minim veniam, quis nostrud exercitation ullamco laboris nisi ut aliquip ex ea commodo consequat.<\\\/p>\\n\\n\n\n<p>Duis aute irure dolor in reprehenderit in voluptate velit esse cillum dolore eu fugiat nulla pariatur. Excepteur sint occaecat cupidatat non proident, sunt in culpa qui officia deserunt mollit anim id est laborum.<\\\/p>\"}},{\"name\":\"\",\"type\":\"accordion_item\",\"props\":{\"title\":\"What are the system requirements to complete an eLearning course? \",\"content\":\"\n\n<p>Lorem ipsum dolor sit amet, consectetur adipisicing elit, sed do eiusmod tempor incididunt ut labore et dolore magna aliqua. Ut enim ad minim veniam, quis nostrud exercitation ullamco laboris nisi ut aliquip ex ea commodo consequat. <\\\/p>\\n\\n\n\n<p>Duis aute irure dolor in reprehenderit in voluptate velit esse cillum dolore eu fugiat nulla pariatur. Excepteur sint occaecat cupidatat non proident, sunt in culpa qui officia deserunt mollit anim id est laborum.<\\\/p>\"}}]}]}]}],\"name\":\"FAQ\"}],\"version\":\"2.7.21\"} --><\/p>\n","protected":false},"excerpt":{"rendered":"<p>Pr\u00e9sentation de l&rsquo;\u00e9quipe Lorem ipsum dolor sit amet, consectetur adipiscing elit, sed do eiusmod temporuis nostrud exercitation ullamco laboris nisi ut aliquip ex ea commodo consequat. Joanne Reynolds Coaching &#038; Team Training Cliff Bowman Assessment &#038; NEWT Certification Gorden Tepper Design Sprints Joanne Reynolds Coaching &#038; Team Training Questions les plus fr\u00e9quentes What kind of [&hellip;]<\/p>\n","protected":false},"author":1,"featured_media":0,"parent":0,"menu_order":4,"comment_status":"open","ping_status":"open","template":"","meta":{"footnotes":""},"class_list":["post-4","page","type-page","status-publish","hentry"],"acf":[],"_links":{"self":[{"href":"https:\/\/eccam.clicetcom.fr\/index.php?rest_route=\/wp\/v2\/pages\/4","targetHints":{"allow":["GET"]}}],"collection":[{"href":"https:\/\/eccam.clicetcom.fr\/index.php?rest_route=\/wp\/v2\/pages"}],"about":[{"href":"https:\/\/eccam.clicetcom.fr\/index.php?rest_route=\/wp\/v2\/types\/page"}],"author":[{"embeddable":true,"href":"https:\/\/eccam.clicetcom.fr\/index.php?rest_route=\/wp\/v2\/users\/1"}],"replies":[{"embeddable":true,"href":"https:\/\/eccam.clicetcom.fr\/index.php?rest_route=%2Fwp%2Fv2%2Fcomments&post=4"}],"version-history":[{"count":21,"href":"https:\/\/eccam.clicetcom.fr\/index.php?rest_route=\/wp\/v2\/pages\/4\/revisions"}],"predecessor-version":[{"id":1903,"href":"https:\/\/eccam.clicetcom.fr\/index.php?rest_route=\/wp\/v2\/pages\/4\/revisions\/1903"}],"wp:attachment":[{"href":"https:\/\/eccam.clicetcom.fr\/index.php?rest_route=%2Fwp%2Fv2%2Fmedia&parent=4"}],"curies":[{"name":"wp","href":"https:\/\/api.w.org\/{rel}","templated":true}]}}